{"id":44,"date":"2010-03-31T12:32:50","date_gmt":"2010-03-31T12:32:50","guid":{"rendered":"http:\/\/www.azzoni.ch\/site\/?page_id=44"},"modified":"2010-07-13T08:58:54","modified_gmt":"2010-07-13T08:58:54","slug":"stichwort-liste","status":"publish","type":"page","link":"https:\/\/www.azzoni.ch\/site\/?page_id=44","title":{"rendered":"STICHWORT-LISTE"},"content":{"rendered":"<p><strong>Was ist Coaching?<\/strong><br \/>\n&#8230; eine professionelle, nachhaltig f\u00f6rdernde und prozessorientierte Begleitung f\u00fcr Menschen mit beruflichen und pers\u00f6nlichen Themen und Fragen. \u201eWerte\u201c nachhaltig zu erreichen.<br \/>\nH\u00e4ufig gew\u00e4hlte Werte\u2026<\/p>\n<p><strong>berufliche Werte: <\/strong><br \/>\nAnerkennung, Erfolg, Karriere, Zugeh\u00f6rigkeit, Risikof\u00e4higkeit, Konfliktf\u00e4higkeit, Sozialkompetenz, F\u00fchrungskompetenz, Teamf\u00e4higkeit, Kommunikation, Kreativit\u00e4t, Schaffenskraft, Visionsfindung und Umsetzung (Beruf und Berufung)<\/p>\n<p><strong>pers\u00f6nliche Werte: <\/strong><br \/>\nSelbstbewusstsein, Heiterkeit, Selbstsicherheit, Selbstwert, Lebensfreude, Lebendigkeit, Freiheit, Ausgeglichenheit, Wachheit, Wissen, Weisheit, Klugheit, Gewicht, Geld<\/p>\n<p><strong>Lebens-Werte: <\/strong><br \/>\nLebensqualit\u00e4t, Harmonie, Sinnerf\u00fcllung, Gl\u00fcck, Gesundheit, Liebe, Vertrauen, Geborgenheit<\/p>\n<p><strong>Coaching ist ein sehr umfassendes und vielschichtiges\u00a0Thema<\/strong>.<br \/>\nUm die Tiefe und Begriffe etwas zu erl\u00e4utern finden Sie nachfolgend eine grobe Zusammenfassung von Stichw\u00f6rtern, Suchbegriffen und Dienstleistungen\u00a0von A-Z.<\/p>\n<div style=\"margin: 10px 0pt; width: 400px; background: none repeat scroll 0% 0% #cccdcd; float: left; height: 80px; border: 10px solid #cc0647; padding: 10px;\">\n<h3 style=\"margin-bottom: 14px;\">STICHWORTE VON A-Z <\/h3>\n<p><a style=\"border-right:1px solid white;width: 50px; background: none repeat scroll 0% 0% #cc0647; float: left; color: #ffffff; font-size: 11px; font-weight: bold; padding: 7px;\" title=\"Coaching von A-D \" href=\"?page_id=46\">A -D <\/a><a style=\"width: 50px; background: none repeat scroll 0% 0% #cc0647; float: left; color: #ffffff; font-size: 11px; border-right:1px solid white; font-weight: bold; padding: 7px;\" title=\"Coaching von E-K \" href=\"?page_id=127\">E &#8211; K <\/a><a style=\"width: 50px; background: none repeat scroll 0% 0% #cc0647; float: left; border-right:1px solid white;color: #ffffff; font-size: 11px; font-weight: bold; padding: 7px;\" title=\"Coaching von L - P \" href=\"?page_id=129\">L &#8211; P<\/a><a style=\"width: 50px; border-right:1px solid white; background: none repeat scroll 0% 0% #cc0647; float: left; color: #ffffff; font-size: 11px; font-weight: bold; padding: 7px;\" title=\"Coaching von Q - T \" href=\"?page_id=131\">Q &#8211; T <\/a><a style=\"border-right:1px solid white; width: 50px; background: none repeat scroll 0% 0% #cc0647; float: left; color: #ffffff; font-size: 11px; font-weight: bold; padding: 7px;\" title=\"Coaching von U - Z\" href=\"?page_id=133\">U &#8211; Z <\/a>\n<\/div>\n","protected":false},"excerpt":{"rendered":"<p>Was ist Coaching? &#8230; eine professionelle, nachhaltig f\u00f6rdernde und prozessorientierte Begleitung f\u00fcr Menschen mit beruflichen und pers\u00f6nlichen Themen und Fragen. \u201eWerte\u201c nachhaltig zu erreichen. H\u00e4ufig gew\u00e4hlte Werte\u2026 berufliche Werte: Anerkennung, Erfolg, Karriere, Zugeh\u00f6rigkeit, Risikof\u00e4higkeit, Konfliktf\u00e4higkeit, Sozialkompetenz, F\u00fchrungskompetenz, Teamf\u00e4higkeit, Kommunikation, Kreativit\u00e4t, Schaffenskraft, Visionsfindung und Umsetzung (Beruf und Berufung) pers\u00f6nliche Werte: Selbstbewusstsein, Heiterkeit, Selbstsicherheit, Selbstwert, Lebensfreude, Lebendigkeit, [&hellip;]<\/p>\n","protected":false},"author":1,"featured_media":0,"parent":0,"menu_order":0,"comment_status":"open","ping_status":"open","template":"gloss_tmp.php","meta":{"footnotes":""},"_links":{"self":[{"href":"https:\/\/www.azzoni.ch\/site\/index.php?rest_route=\/wp\/v2\/pages\/44"}],"collection":[{"href":"https:\/\/www.azzoni.ch\/site\/index.php?rest_route=\/wp\/v2\/pages"}],"about":[{"href":"https:\/\/www.azzoni.ch\/site\/index.php?rest_route=\/wp\/v2\/types\/page"}],"author":[{"embeddable":true,"href":"https:\/\/www.azzoni.ch\/site\/index.php?rest_route=\/wp\/v2\/users\/1"}],"replies":[{"embeddable":true,"href":"https:\/\/www.azzoni.ch\/site\/index.php?rest_route=%2Fwp%2Fv2%2Fcomments&post=44"}],"version-history":[{"count":10,"href":"https:\/\/www.azzoni.ch\/site\/index.php?rest_route=\/wp\/v2\/pages\/44\/revisions"}],"predecessor-version":[{"id":275,"href":"https:\/\/www.azzoni.ch\/site\/index.php?rest_route=\/wp\/v2\/pages\/44\/revisions\/275"}],"wp:attachment":[{"href":"https:\/\/www.azzoni.ch\/site\/index.php?rest_route=%2Fwp%2Fv2%2Fmedia&parent=44"}],"curies":[{"name":"wp","href":"https:\/\/api.w.org\/{rel}","templated":true}]}}