{"id":16,"date":"2010-03-31T12:10:53","date_gmt":"2010-03-31T12:10:53","guid":{"rendered":"http:\/\/www.azzoni.ch\/site\/?page_id=16"},"modified":"2010-07-08T07:10:02","modified_gmt":"2010-07-08T07:10:02","slug":"unternehmensberatung","status":"publish","type":"page","link":"https:\/\/www.azzoni.ch\/site\/?page_id=16","title":{"rendered":"UNTERNEHMENSBERATUNG"},"content":{"rendered":"<h3>AZZONI TREUHAND begleitet viele Kunden bei ihrem gesamten Ver\u00e4nderungsprozess \u2013 von der strategischen Ausrichtung bis zur operativen Umsetzung.<\/h3>\n<p>Oftmals unterst\u00fctzen wir unsere Kunden auch in einzelnen Projektphasen und Teilprojekten. In beiden F\u00e4llen f\u00fchrt unser auf Erfahrung basierender Beratungsansatz zu bestm\u00f6glichen Ergebnissen.<\/p>\n<ul>\n<li>Strategische Ausrichtung und Unternehmensentwicklung<\/li>\n<li>Optimierung von Organisationen und Prozessen<\/li>\n<li>Management von Initiativen zur Umsatz- und Ertragssteigerung<\/li>\n<li>Durchf\u00fchrung von Kostensenkungsprogrammen<\/li>\n<li>Einf\u00fchrung von Best Practices<\/li>\n<li>Restrukturierung und Sanierung<\/li>\n<li>Begleitung von Fusionen<\/li>\n<li> Aus- oder Eingliederung von Unternehmensteilen<\/li>\n<\/ul>\n","protected":false},"excerpt":{"rendered":"<p>AZZONI TREUHAND begleitet viele Kunden bei ihrem gesamten Ver\u00e4nderungsprozess \u2013 von der strategischen Ausrichtung bis zur operativen Umsetzung. Oftmals unterst\u00fctzen wir unsere Kunden auch in einzelnen Projektphasen und Teilprojekten. In beiden F\u00e4llen f\u00fchrt unser auf Erfahrung basierender Beratungsansatz zu bestm\u00f6glichen Ergebnissen. Strategische Ausrichtung und Unternehmensentwicklung Optimierung von Organisationen und Prozessen Management von Initiativen zur Umsatz- [&hellip;]<\/p>\n","protected":false},"author":1,"featured_media":0,"parent":2,"menu_order":4,"comment_status":"open","ping_status":"open","template":"treu_tmp.php","meta":{"footnotes":""},"_links":{"self":[{"href":"https:\/\/www.azzoni.ch\/site\/index.php?rest_route=\/wp\/v2\/pages\/16"}],"collection":[{"href":"https:\/\/www.azzoni.ch\/site\/index.php?rest_route=\/wp\/v2\/pages"}],"about":[{"href":"https:\/\/www.azzoni.ch\/site\/index.php?rest_route=\/wp\/v2\/types\/page"}],"author":[{"embeddable":true,"href":"https:\/\/www.azzoni.ch\/site\/index.php?rest_route=\/wp\/v2\/users\/1"}],"replies":[{"embeddable":true,"href":"https:\/\/www.azzoni.ch\/site\/index.php?rest_route=%2Fwp%2Fv2%2Fcomments&post=16"}],"version-history":[{"count":6,"href":"https:\/\/www.azzoni.ch\/site\/index.php?rest_route=\/wp\/v2\/pages\/16\/revisions"}],"predecessor-version":[{"id":85,"href":"https:\/\/www.azzoni.ch\/site\/index.php?rest_route=\/wp\/v2\/pages\/16\/revisions\/85"}],"up":[{"embeddable":true,"href":"https:\/\/www.azzoni.ch\/site\/index.php?rest_route=\/wp\/v2\/pages\/2"}],"wp:attachment":[{"href":"https:\/\/www.azzoni.ch\/site\/index.php?rest_route=%2Fwp%2Fv2%2Fmedia&parent=16"}],"curies":[{"name":"wp","href":"https:\/\/api.w.org\/{rel}","templated":true}]}}