{"id":131,"date":"2010-07-07T13:55:15","date_gmt":"2010-07-07T13:55:15","guid":{"rendered":"http:\/\/www.azzoni.ch\/site\/?page_id=131"},"modified":"2023-12-27T14:46:22","modified_gmt":"2023-12-27T14:46:22","slug":"q-t","status":"publish","type":"page","link":"https:\/\/www.azzoni.ch\/site\/?page_id=131","title":{"rendered":"Q &#8211; T"},"content":{"rendered":"<p>Q<\/p>\n<ul>\n<li>Qualit\u00e4t<\/li>\n<li>Quereinsteiger<\/li>\n<li>Querolant<\/li>\n<\/ul>\n<p>R<\/p>\n<ul>\n<li>Ratgeber \/Ratschlag<\/li>\n<li>Reden (Redefluss, stottern)<\/li>\n<li>R\u00fcckhalt<\/li>\n<li>Ruhelosigkeit<\/li>\n<\/ul>\n<p>S<\/p>\n<ul>\n<li>Schamgef\u00fchle<\/li>\n<li>Schuld (-zuweisung, Gef\u00fchle)<\/li>\n<li>Selbstreflexion<\/li>\n<li>Selbstwert, -bestimmung, -sicherheit<\/li>\n<li>Selbstverwirklichung<\/li>\n<li>Sensibel<\/li>\n<li>Sexualit\u00e4t (Pubert\u00e4t, Alter, Ausrichtung)<\/li>\n<li>Spriritualit\u00e4t<\/li>\n<li>Spontanit\u00e4t<\/li>\n<li>St\u00e4rke \/Schw\u00e4che<\/li>\n<li>Stress (-abbau)<\/li>\n<li>Sucht (Drogen, Medikamente &#8211; Co-Abh\u00e4ngigkeit)<\/li>\n<li>Supervision<\/li>\n<\/ul>\n<p>T<\/p>\n<ul>\n<li>Team (-arbeit, -f\u00e4higkeit, -entwicklung, -f\u00fchrung)<\/li>\n<li>Teamcoaching, -training<\/li>\n<li>Trance<\/li>\n<li>Trauma<\/li>\n<li>Tatkraft<\/li>\n<li>T\u00e4ter (Opfer, Helfer Dreieck)<\/li>\n<li>Tod (Abschied, Verarbeitung)<\/li>\n<\/ul>\n<div style=\"margin: 10px 0pt; width: 400px; background: none repeat scroll 0% 0% #cccdcd; float: left; height: 80px; border: 10px solid #cc0647; padding: 10px;\">\n<h3 style=\"margin-bottom: 14px;\">STICHWORTE VON A-Z <\/h3>\n<p><a style=\"border-right:1px solid white;width: 50px; background: none repeat scroll 0% 0% #cc0647; float: left; color: #ffffff; font-size: 11px; font-weight: bold; padding: 7px;\" title=\"Coaching von A-D \" href=\"?page_id=46\">A -D <\/a><a style=\"width: 50px; background: none repeat scroll 0% 0% #cc0647; float: left; color: #ffffff; font-size: 11px; border-right:1px solid white; font-weight: bold; padding: 7px;\" title=\"Coaching von E-K \" href=\"?page_id=127\">E &#8211; K <\/a><a style=\"width: 50px; background: none repeat scroll 0% 0% #cc0647; float: left; border-right:1px solid white;color: #ffffff; font-size: 11px; font-weight: bold; padding: 7px;\" title=\"Coaching von L - P \" href=\"?page_id=129\">L &#8211; P<\/a><a style=\"width: 50px; border-right:1px solid white; background: none repeat scroll 0% 0% #cc0647; float: left; color: #ffffff; font-size: 11px; font-weight: bold; padding: 7px;\" title=\"Coaching von Q - T \" href=\"?page_id=131\">Q &#8211; T <\/a><a style=\"border-right:1px solid white; width: 50px; background: none repeat scroll 0% 0% #cc0647; float: left; color: #ffffff; font-size: 11px; font-weight: bold; padding: 7px;\" title=\"Coaching von U - Z\" href=\"?page_id=133\">U &#8211; Z <\/a>\n<\/div>\n","protected":false},"excerpt":{"rendered":"<p>Q Qualit\u00e4t Quereinsteiger Querolant R Ratgeber \/Ratschlag Reden (Redefluss, stottern) R\u00fcckhalt Ruhelosigkeit S Schamgef\u00fchle Schuld (-zuweisung, Gef\u00fchle) Selbstreflexion Selbstwert, -bestimmung, -sicherheit Selbstverwirklichung Sensibel Sexualit\u00e4t (Pubert\u00e4t, Alter, Ausrichtung) Spriritualit\u00e4t Spontanit\u00e4t St\u00e4rke \/Schw\u00e4che Stress (-abbau) Sucht (Drogen, Medikamente &#8211; Co-Abh\u00e4ngigkeit) Supervision T Team (-arbeit, -f\u00e4higkeit, -entwicklung, -f\u00fchrung) Teamcoaching, -training Trance Trauma Tatkraft T\u00e4ter (Opfer, Helfer Dreieck) Tod [&hellip;]<\/p>\n","protected":false},"author":1,"featured_media":0,"parent":44,"menu_order":30,"comment_status":"open","ping_status":"open","template":"gloss_tmp.php","meta":{"footnotes":""},"_links":{"self":[{"href":"https:\/\/www.azzoni.ch\/site\/index.php?rest_route=\/wp\/v2\/pages\/131"}],"collection":[{"href":"https:\/\/www.azzoni.ch\/site\/index.php?rest_route=\/wp\/v2\/pages"}],"about":[{"href":"https:\/\/www.azzoni.ch\/site\/index.php?rest_route=\/wp\/v2\/types\/page"}],"author":[{"embeddable":true,"href":"https:\/\/www.azzoni.ch\/site\/index.php?rest_route=\/wp\/v2\/users\/1"}],"replies":[{"embeddable":true,"href":"https:\/\/www.azzoni.ch\/site\/index.php?rest_route=%2Fwp%2Fv2%2Fcomments&post=131"}],"version-history":[{"count":14,"href":"https:\/\/www.azzoni.ch\/site\/index.php?rest_route=\/wp\/v2\/pages\/131\/revisions"}],"predecessor-version":[{"id":352,"href":"https:\/\/www.azzoni.ch\/site\/index.php?rest_route=\/wp\/v2\/pages\/131\/revisions\/352"}],"up":[{"embeddable":true,"href":"https:\/\/www.azzoni.ch\/site\/index.php?rest_route=\/wp\/v2\/pages\/44"}],"wp:attachment":[{"href":"https:\/\/www.azzoni.ch\/site\/index.php?rest_route=%2Fwp%2Fv2%2Fmedia&parent=131"}],"curies":[{"name":"wp","href":"https:\/\/api.w.org\/{rel}","templated":true}]}}