{"id":127,"date":"2010-07-07T13:51:54","date_gmt":"2010-07-07T13:51:54","guid":{"rendered":"http:\/\/www.azzoni.ch\/site\/?page_id=127"},"modified":"2023-12-27T14:45:39","modified_gmt":"2023-12-27T14:45:39","slug":"f-k","status":"publish","type":"page","link":"https:\/\/www.azzoni.ch\/site\/?page_id=127","title":{"rendered":"E &#8211; K"},"content":{"rendered":"<p>E<\/p>\n<ul>\n<li>Eifersucht<\/li>\n<li>Einf\u00fchrung<\/li>\n<li>Einweisung<\/li>\n<li>Einzelcoaching<\/li>\n<li>Energie<\/li>\n<li>Ethik<\/li>\n<li>Entscheidung<\/li>\n<li>Entwicklung<\/li>\n<li>Erfolg<\/li>\n<\/ul>\n<p>F<\/p>\n<ul>\n<li>Familie<\/li>\n<li>Forderung \/ F\u00f6rderung<\/li>\n<li>Freiheit \/ Befreiung<\/li>\n<li>Fremdbestimmung<\/li>\n<li>F\u00fchrung<\/li>\n<\/ul>\n<p>\u00a0<\/p>\n<p>G<\/p>\n<ul>\n<li>Gef\u00fchle (K\u00f6rperwahrnehmung)<\/li>\n<li>Geld<\/li>\n<li>Gespr\u00e4ch \/ Gespr\u00e4chspartner<\/li>\n<li>Gewicht (\u00dcber-\/Untergewicht)<\/li>\n<li>Glaubenssatz<\/li>\n<\/ul>\n<p>H<\/p>\n<ul>\n<li>HIlfe \/Hilfestellung -leistung<\/li>\n<li>Hilfe \/ Selbsthilfe<\/li>\n<\/ul>\n<p>I\/J<\/p>\n<ul>\n<li>Identifikation<\/li>\n<li>Individuell<\/li>\n<li>Integration<\/li>\n<li>Integrit\u00e4t<\/li>\n<li>Intelligenz (emotional, kognitiv)<\/li>\n<li>Interesse<\/li>\n<li>Isolation<\/li>\n<li>Jugend<\/li>\n<\/ul>\n<p>K<\/p>\n<ul>\n<li>Karriere<\/li>\n<li>Kompetenz<\/li>\n<li>Konfliktberatung, -l\u00f6sung<\/li>\n<li>Konkurrenz<\/li>\n<li>Kontakt<\/li>\n<li>K\u00f6rper (-wahrnehmung, Gef\u00fchle)<\/li>\n<li>Korrektur<\/li>\n<li>Konsultation<\/li>\n<li>Krankheit (Pr\u00e4vention, Rehabilitation)<\/li>\n<li>Krisenbew\u00e4ltigung<\/li>\n<\/ul>\n<div style=\"margin: 10px 0pt; width: 400px; background: none repeat scroll 0% 0% #cccdcd; float: left; height: 80px; border: 10px solid #cc0647; padding: 10px;\">\n<h3 style=\"margin-bottom: 14px;\">STICHWORTE VON A-Z <\/h3>\n<p><a style=\"border-right:1px solid white;width: 50px; background: none repeat scroll 0% 0% #cc0647; float: left; color: #ffffff; font-size: 11px; font-weight: bold; padding: 7px;\" title=\"Coaching von A-D \" href=\"?page_id=46\">A -D <\/a><a style=\"width: 50px; background: none repeat scroll 0% 0% #cc0647; float: left; color: #ffffff; font-size: 11px; border-right:1px solid white; font-weight: bold; padding: 7px;\" title=\"Coaching von E-K \" href=\"?page_id=127\">E &#8211; K <\/a><a style=\"width: 50px; background: none repeat scroll 0% 0% #cc0647; float: left; border-right:1px solid white;color: #ffffff; font-size: 11px; font-weight: bold; padding: 7px;\" title=\"Coaching von L - P \" href=\"?page_id=129\">L &#8211; P<\/a><a style=\"width: 50px; border-right:1px solid white; background: none repeat scroll 0% 0% #cc0647; float: left; color: #ffffff; font-size: 11px; font-weight: bold; padding: 7px;\" title=\"Coaching von Q - T \" href=\"?page_id=131\">Q &#8211; T <\/a><a style=\"border-right:1px solid white; width: 50px; background: none repeat scroll 0% 0% #cc0647; float: left; color: #ffffff; font-size: 11px; font-weight: bold; padding: 7px;\" title=\"Coaching von U - Z\" href=\"?page_id=133\">U &#8211; Z <\/a>\n<\/div>\n","protected":false},"excerpt":{"rendered":"<p>E Eifersucht Einf\u00fchrung Einweisung Einzelcoaching Energie Ethik Entscheidung Entwicklung Erfolg F Familie Forderung \/ F\u00f6rderung Freiheit \/ Befreiung Fremdbestimmung F\u00fchrung \u00a0 G Gef\u00fchle (K\u00f6rperwahrnehmung) Geld Gespr\u00e4ch \/ Gespr\u00e4chspartner Gewicht (\u00dcber-\/Untergewicht) Glaubenssatz H HIlfe \/Hilfestellung -leistung Hilfe \/ Selbsthilfe I\/J Identifikation Individuell Integration Integrit\u00e4t Intelligenz (emotional, kognitiv) Interesse Isolation Jugend K Karriere Kompetenz Konfliktberatung, -l\u00f6sung Konkurrenz [&hellip;]<\/p>\n","protected":false},"author":1,"featured_media":0,"parent":44,"menu_order":10,"comment_status":"open","ping_status":"open","template":"gloss_tmp.php","meta":{"footnotes":""},"_links":{"self":[{"href":"https:\/\/www.azzoni.ch\/site\/index.php?rest_route=\/wp\/v2\/pages\/127"}],"collection":[{"href":"https:\/\/www.azzoni.ch\/site\/index.php?rest_route=\/wp\/v2\/pages"}],"about":[{"href":"https:\/\/www.azzoni.ch\/site\/index.php?rest_route=\/wp\/v2\/types\/page"}],"author":[{"embeddable":true,"href":"https:\/\/www.azzoni.ch\/site\/index.php?rest_route=\/wp\/v2\/users\/1"}],"replies":[{"embeddable":true,"href":"https:\/\/www.azzoni.ch\/site\/index.php?rest_route=%2Fwp%2Fv2%2Fcomments&post=127"}],"version-history":[{"count":17,"href":"https:\/\/www.azzoni.ch\/site\/index.php?rest_route=\/wp\/v2\/pages\/127\/revisions"}],"predecessor-version":[{"id":348,"href":"https:\/\/www.azzoni.ch\/site\/index.php?rest_route=\/wp\/v2\/pages\/127\/revisions\/348"}],"up":[{"embeddable":true,"href":"https:\/\/www.azzoni.ch\/site\/index.php?rest_route=\/wp\/v2\/pages\/44"}],"wp:attachment":[{"href":"https:\/\/www.azzoni.ch\/site\/index.php?rest_route=%2Fwp%2Fv2%2Fmedia&parent=127"}],"curies":[{"name":"wp","href":"https:\/\/api.w.org\/{rel}","templated":true}]}}